{"id":1990,"date":"2024-12-09T16:26:35","date_gmt":"2024-12-09T15:26:35","guid":{"rendered":"https:\/\/www.activdev.com\/?page_id=1990"},"modified":"2025-07-21T16:12:32","modified_gmt":"2025-07-21T15:12:32","slug":"meeting-reservation","status":"publish","type":"page","link":"https:\/\/www.activdev.com\/en\/meeting-reservation\/","title":{"rendered":"Meeting reservation"},"content":{"rendered":"","protected":false},"excerpt":{"rendered":"","protected":false},"author":1,"featured_media":0,"parent":0,"menu_order":0,"comment_status":"closed","ping_status":"closed","template":"","meta":{"_acf_changed":false,"_seopress_robots_primary_cat":"","_seopress_titles_title":"R\u00e9servation audit avec ActivDev","_seopress_titles_desc":"Prenez rendez-vous ici pour d\u00e9couvrir ce que nous pouvons vous faire gagner gr\u00e2ce \u00e0 l'automatisation de votre business","_seopress_robots_index":"","iawp_total_views":640,"footnotes":""},"outils-freebies":[],"class_list":["post-1990","page","type-page","status-publish","hentry"],"acf":[],"_seopress_titles_desc":"Prenez rendez-vous ici pour d\u00e9couvrir ce que nous pouvons vous faire gagner gr\u00e2ce \u00e0 l'automatisation de votre business","_seopress_titles_title":"R\u00e9servation audit avec ActivDev","_links":{"self":[{"href":"https:\/\/www.activdev.com\/en\/wp-json\/wp\/v2\/pages\/1990","targetHints":{"allow":["GET"]}}],"collection":[{"href":"https:\/\/www.activdev.com\/en\/wp-json\/wp\/v2\/pages"}],"about":[{"href":"https:\/\/www.activdev.com\/en\/wp-json\/wp\/v2\/types\/page"}],"author":[{"embeddable":true,"href":"https:\/\/www.activdev.com\/en\/wp-json\/wp\/v2\/users\/1"}],"replies":[{"embeddable":true,"href":"https:\/\/www.activdev.com\/en\/wp-json\/wp\/v2\/comments?post=1990"}],"version-history":[{"count":0,"href":"https:\/\/www.activdev.com\/en\/wp-json\/wp\/v2\/pages\/1990\/revisions"}],"wp:attachment":[{"href":"https:\/\/www.activdev.com\/en\/wp-json\/wp\/v2\/media?parent=1990"}],"wp:term":[{"taxonomy":"outils-freebies","embeddable":true,"href":"https:\/\/www.activdev.com\/en\/wp-json\/wp\/v2\/outils-freebies?post=1990"}],"curies":[{"name":"wp","href":"https:\/\/api.w.org\/{rel}","templated":true}]}}