{"id":22,"date":"2024-10-19T20:05:57","date_gmt":"2024-10-19T20:05:57","guid":{"rendered":"https:\/\/www.activdev.com\/?page_id=22"},"modified":"2025-08-26T09:39:16","modified_gmt":"2025-08-26T08:39:16","slug":"activdev","status":"publish","type":"page","link":"https:\/\/www.activdev.com\/en\/","title":{"rendered":"ActivDev : AI &amp; Automation Agency for SMEs | Optimize and Accelerate your Growth"},"content":{"rendered":"","protected":false},"excerpt":{"rendered":"","protected":false},"author":1,"featured_media":2434,"parent":0,"menu_order":0,"comment_status":"closed","ping_status":"closed","template":"","meta":{"_acf_changed":false,"_seopress_robots_primary_cat":"","_seopress_titles_title":"ActivDev : Agence IA & Automatisation | Acc\u00e9l\u00e9rez votre Croissance","_seopress_titles_desc":"ActivDev automatise les processus m\u00e9tier des entreprise : ventes, RH, finance, service client & data avec l'IA. Moins de co\u00fbts, plus de temps, plus de croissance.","_seopress_robots_index":"","iawp_total_views":6270,"footnotes":""},"outils-freebies":[],"class_list":["post-22","page","type-page","status-publish","has-post-thumbnail","hentry"],"acf":[],"_seopress_titles_desc":"ActivDev automatise les processus m\u00e9tier des entreprise : ventes, RH, finance, service client & data avec l'IA. Moins de co\u00fbts, plus de temps, plus de croissance.","_seopress_titles_title":"ActivDev : Agence IA & Automatisation | Acc\u00e9l\u00e9rez votre Croissance","_links":{"self":[{"href":"https:\/\/www.activdev.com\/en\/wp-json\/wp\/v2\/pages\/22","targetHints":{"allow":["GET"]}}],"collection":[{"href":"https:\/\/www.activdev.com\/en\/wp-json\/wp\/v2\/pages"}],"about":[{"href":"https:\/\/www.activdev.com\/en\/wp-json\/wp\/v2\/types\/page"}],"author":[{"embeddable":true,"href":"https:\/\/www.activdev.com\/en\/wp-json\/wp\/v2\/users\/1"}],"replies":[{"embeddable":true,"href":"https:\/\/www.activdev.com\/en\/wp-json\/wp\/v2\/comments?post=22"}],"version-history":[{"count":0,"href":"https:\/\/www.activdev.com\/en\/wp-json\/wp\/v2\/pages\/22\/revisions"}],"wp:featuredmedia":[{"embeddable":true,"href":"https:\/\/www.activdev.com\/en\/wp-json\/wp\/v2\/media\/2434"}],"wp:attachment":[{"href":"https:\/\/www.activdev.com\/en\/wp-json\/wp\/v2\/media?parent=22"}],"wp:term":[{"taxonomy":"outils-freebies","embeddable":true,"href":"https:\/\/www.activdev.com\/en\/wp-json\/wp\/v2\/outils-freebies?post=22"}],"curies":[{"name":"wp","href":"https:\/\/api.w.org\/{rel}","templated":true}]}}