{"id":3536,"date":"2025-03-06T00:08:53","date_gmt":"2025-03-05T23:08:53","guid":{"rendered":"https:\/\/www.activdev.com\/?page_id=3536"},"modified":"2025-07-05T13:54:12","modified_gmt":"2025-07-05T12:54:12","slug":"project-management-automation","status":"publish","type":"page","link":"https:\/\/www.activdev.com\/en\/project-management-automation\/","title":{"rendered":"Project management automation"},"content":{"rendered":"","protected":false},"excerpt":{"rendered":"","protected":false},"author":1,"featured_media":0,"parent":0,"menu_order":0,"comment_status":"closed","ping_status":"closed","template":"","meta":{"_acf_changed":false,"_seopress_robots_primary_cat":"","_seopress_titles_title":"Automatisation Gestion de Projets | Workflows & IA","_seopress_titles_desc":"G\u00e9rez vos projets plus efficacement gr\u00e2ce \u00e0 l\u2019automatisation. T\u00e2ches, deadlines, reporting et coordination optimis\u00e9s avec IA et outils de gestion.","_seopress_robots_index":"","iawp_total_views":56,"footnotes":""},"outils-freebies":[],"class_list":["post-3536","page","type-page","status-publish","hentry"],"acf":[],"_seopress_titles_desc":"G\u00e9rez vos projets plus efficacement gr\u00e2ce \u00e0 l\u2019automatisation. T\u00e2ches, deadlines, reporting et coordination optimis\u00e9s avec IA et outils de gestion.","_seopress_titles_title":"Automatisation Gestion de Projets | Workflows & IA","_links":{"self":[{"href":"https:\/\/www.activdev.com\/en\/wp-json\/wp\/v2\/pages\/3536","targetHints":{"allow":["GET"]}}],"collection":[{"href":"https:\/\/www.activdev.com\/en\/wp-json\/wp\/v2\/pages"}],"about":[{"href":"https:\/\/www.activdev.com\/en\/wp-json\/wp\/v2\/types\/page"}],"author":[{"embeddable":true,"href":"https:\/\/www.activdev.com\/en\/wp-json\/wp\/v2\/users\/1"}],"replies":[{"embeddable":true,"href":"https:\/\/www.activdev.com\/en\/wp-json\/wp\/v2\/comments?post=3536"}],"version-history":[{"count":0,"href":"https:\/\/www.activdev.com\/en\/wp-json\/wp\/v2\/pages\/3536\/revisions"}],"wp:attachment":[{"href":"https:\/\/www.activdev.com\/en\/wp-json\/wp\/v2\/media?parent=3536"}],"wp:term":[{"taxonomy":"outils-freebies","embeddable":true,"href":"https:\/\/www.activdev.com\/en\/wp-json\/wp\/v2\/outils-freebies?post=3536"}],"curies":[{"name":"wp","href":"https:\/\/api.w.org\/{rel}","templated":true}]}}