{"id":3552,"date":"2025-03-06T00:56:26","date_gmt":"2025-03-05T23:56:26","guid":{"rendered":"https:\/\/www.activdev.com\/?page_id=3552"},"modified":"2025-07-05T21:13:14","modified_gmt":"2025-07-05T20:13:14","slug":"automation-ia-analyses","status":"publish","type":"page","link":"https:\/\/www.activdev.com\/en\/automation-ia-analyses\/","title":{"rendered":"Automation AI analysis"},"content":{"rendered":"","protected":false},"excerpt":{"rendered":"","protected":false},"author":1,"featured_media":4884,"parent":0,"menu_order":0,"comment_status":"closed","ping_status":"closed","template":"","meta":{"_acf_changed":false,"_seopress_robots_primary_cat":"","_seopress_titles_title":"Automatisation Analyse de Donn\u00e9es | Reporting & IA","_seopress_titles_desc":"Exploitez vos donn\u00e9es avec l\u2019IA et l\u2019automatisation. Rapports, dashboards, analyses pr\u00e9dictives et int\u00e9gration CRM pour une prise de d\u00e9cision rapide.","_seopress_robots_index":"","iawp_total_views":59,"footnotes":""},"outils-freebies":[],"class_list":["post-3552","page","type-page","status-publish","has-post-thumbnail","hentry"],"acf":[],"_seopress_titles_desc":"Exploitez vos donn\u00e9es avec l\u2019IA et l\u2019automatisation. Rapports, dashboards, analyses pr\u00e9dictives et int\u00e9gration CRM pour une prise de d\u00e9cision rapide.","_seopress_titles_title":"Automatisation Analyse de Donn\u00e9es | Reporting & IA","_links":{"self":[{"href":"https:\/\/www.activdev.com\/en\/wp-json\/wp\/v2\/pages\/3552","targetHints":{"allow":["GET"]}}],"collection":[{"href":"https:\/\/www.activdev.com\/en\/wp-json\/wp\/v2\/pages"}],"about":[{"href":"https:\/\/www.activdev.com\/en\/wp-json\/wp\/v2\/types\/page"}],"author":[{"embeddable":true,"href":"https:\/\/www.activdev.com\/en\/wp-json\/wp\/v2\/users\/1"}],"replies":[{"embeddable":true,"href":"https:\/\/www.activdev.com\/en\/wp-json\/wp\/v2\/comments?post=3552"}],"version-history":[{"count":0,"href":"https:\/\/www.activdev.com\/en\/wp-json\/wp\/v2\/pages\/3552\/revisions"}],"wp:featuredmedia":[{"embeddable":true,"href":"https:\/\/www.activdev.com\/en\/wp-json\/wp\/v2\/media\/4884"}],"wp:attachment":[{"href":"https:\/\/www.activdev.com\/en\/wp-json\/wp\/v2\/media?parent=3552"}],"wp:term":[{"taxonomy":"outils-freebies","embeddable":true,"href":"https:\/\/www.activdev.com\/en\/wp-json\/wp\/v2\/outils-freebies?post=3552"}],"curies":[{"name":"wp","href":"https:\/\/api.w.org\/{rel}","templated":true}]}}