{"id":5109,"date":"2025-07-04T14:16:23","date_gmt":"2025-07-04T13:16:23","guid":{"rendered":"https:\/\/www.activdev.com\/?page_id=5109"},"modified":"2025-07-05T21:20:50","modified_gmt":"2025-07-05T20:20:50","slug":"our-approach","status":"publish","type":"page","link":"https:\/\/www.activdev.com\/en\/our-approach\/","title":{"rendered":"Our approach"},"content":{"rendered":"","protected":false},"excerpt":{"rendered":"","protected":false},"author":1,"featured_media":5130,"parent":0,"menu_order":0,"comment_status":"closed","ping_status":"closed","template":"","meta":{"_acf_changed":false,"_seopress_robots_primary_cat":"","_seopress_titles_title":"Strat\u00e9gie et Mise en Place Automatisation IA \u2013 De l\u2019Audit au R\u00e9sultat | ActivDev","_seopress_titles_desc":"D\u00e9couvrez comment ActivDev con\u00e7oit, d\u00e9ploie et optimise des automatisations sur mesure. De la feuille de route strat\u00e9gique \u00e0 la mise en \u0153uvre concr\u00e8te, gagnez du temps et am\u00e9liorez vos performances.","_seopress_robots_index":"","iawp_total_views":214,"footnotes":""},"outils-freebies":[],"class_list":["post-5109","page","type-page","status-publish","has-post-thumbnail","hentry"],"acf":[],"_seopress_titles_desc":"D\u00e9couvrez comment ActivDev con\u00e7oit, d\u00e9ploie et optimise des automatisations sur mesure. De la feuille de route strat\u00e9gique \u00e0 la mise en \u0153uvre concr\u00e8te, gagnez du temps et am\u00e9liorez vos performances.","_seopress_titles_title":"Strat\u00e9gie et Mise en Place Automatisation IA \u2013 De l\u2019Audit au R\u00e9sultat | ActivDev","_links":{"self":[{"href":"https:\/\/www.activdev.com\/en\/wp-json\/wp\/v2\/pages\/5109","targetHints":{"allow":["GET"]}}],"collection":[{"href":"https:\/\/www.activdev.com\/en\/wp-json\/wp\/v2\/pages"}],"about":[{"href":"https:\/\/www.activdev.com\/en\/wp-json\/wp\/v2\/types\/page"}],"author":[{"embeddable":true,"href":"https:\/\/www.activdev.com\/en\/wp-json\/wp\/v2\/users\/1"}],"replies":[{"embeddable":true,"href":"https:\/\/www.activdev.com\/en\/wp-json\/wp\/v2\/comments?post=5109"}],"version-history":[{"count":0,"href":"https:\/\/www.activdev.com\/en\/wp-json\/wp\/v2\/pages\/5109\/revisions"}],"wp:featuredmedia":[{"embeddable":true,"href":"https:\/\/www.activdev.com\/en\/wp-json\/wp\/v2\/media\/5130"}],"wp:attachment":[{"href":"https:\/\/www.activdev.com\/en\/wp-json\/wp\/v2\/media?parent=5109"}],"wp:term":[{"taxonomy":"outils-freebies","embeddable":true,"href":"https:\/\/www.activdev.com\/en\/wp-json\/wp\/v2\/outils-freebies?post=5109"}],"curies":[{"name":"wp","href":"https:\/\/api.w.org\/{rel}","templated":true}]}}