{"id":558,"date":"2024-10-27T19:35:12","date_gmt":"2024-10-27T19:35:12","guid":{"rendered":"https:\/\/www.activdev.com\/?page_id=558"},"modified":"2025-03-15T11:17:11","modified_gmt":"2025-03-15T10:17:11","slug":"data-policy","status":"publish","type":"page","link":"https:\/\/www.activdev.com\/en\/data-policy\/","title":{"rendered":"Privacy policy"},"content":{"rendered":"","protected":false},"excerpt":{"rendered":"","protected":false},"author":1,"featured_media":0,"parent":0,"menu_order":0,"comment_status":"closed","ping_status":"closed","template":"","meta":{"_acf_changed":false,"_seopress_robots_primary_cat":"","_seopress_titles_title":"Politique de confidentialit\u00e9 des donn\u00e9es ActivDev","_seopress_titles_desc":"Politique de confidentialit\u00e9 des donn\u00e9es","_seopress_robots_index":"","iawp_total_views":30,"footnotes":""},"outils-freebies":[],"class_list":["post-558","page","type-page","status-publish","hentry"],"acf":[],"_seopress_titles_desc":"Politique de confidentialit\u00e9 des donn\u00e9es","_seopress_titles_title":"Politique de confidentialit\u00e9 des donn\u00e9es ActivDev","_links":{"self":[{"href":"https:\/\/www.activdev.com\/en\/wp-json\/wp\/v2\/pages\/558","targetHints":{"allow":["GET"]}}],"collection":[{"href":"https:\/\/www.activdev.com\/en\/wp-json\/wp\/v2\/pages"}],"about":[{"href":"https:\/\/www.activdev.com\/en\/wp-json\/wp\/v2\/types\/page"}],"author":[{"embeddable":true,"href":"https:\/\/www.activdev.com\/en\/wp-json\/wp\/v2\/users\/1"}],"replies":[{"embeddable":true,"href":"https:\/\/www.activdev.com\/en\/wp-json\/wp\/v2\/comments?post=558"}],"version-history":[{"count":0,"href":"https:\/\/www.activdev.com\/en\/wp-json\/wp\/v2\/pages\/558\/revisions"}],"wp:attachment":[{"href":"https:\/\/www.activdev.com\/en\/wp-json\/wp\/v2\/media?parent=558"}],"wp:term":[{"taxonomy":"outils-freebies","embeddable":true,"href":"https:\/\/www.activdev.com\/en\/wp-json\/wp\/v2\/outils-freebies?post=558"}],"curies":[{"name":"wp","href":"https:\/\/api.w.org\/{rel}","templated":true}]}}