{"id":649,"date":"2024-11-04T15:57:37","date_gmt":"2024-11-04T15:57:37","guid":{"rendered":"https:\/\/www.activdev.com\/?page_id=649"},"modified":"2025-03-15T11:16:43","modified_gmt":"2025-03-15T10:16:43","slug":"web-loading-speed-impact-calculator","status":"publish","type":"page","link":"https:\/\/www.activdev.com\/en\/web-loading-speed-impact-calculator\/","title":{"rendered":"Impact Web Loading Speed Calculator"},"content":{"rendered":"","protected":false},"excerpt":{"rendered":"","protected":false},"author":1,"featured_media":867,"parent":0,"menu_order":0,"comment_status":"closed","ping_status":"closed","template":"","meta":{"_acf_changed":false,"_seopress_robots_primary_cat":"","_seopress_titles_title":"D\u00e9couvrez l'impact de la vitesse de chargement de votre site web","_seopress_titles_desc":"D\u00e9couvrez ce que vous co\u00fbte la vitesse de chargement de votre page web et les gains potentiels avec ce Calculateur Impact Vitesse de Chargement Web","_seopress_robots_index":"","iawp_total_views":28,"footnotes":""},"outils-freebies":[],"class_list":["post-649","page","type-page","status-publish","has-post-thumbnail","hentry"],"acf":[],"_seopress_titles_desc":"D\u00e9couvrez ce que vous co\u00fbte la vitesse de chargement de votre page web et les gains potentiels avec ce Calculateur Impact Vitesse de Chargement Web","_seopress_titles_title":"D\u00e9couvrez l'impact de la vitesse de chargement de votre site web","_links":{"self":[{"href":"https:\/\/www.activdev.com\/en\/wp-json\/wp\/v2\/pages\/649","targetHints":{"allow":["GET"]}}],"collection":[{"href":"https:\/\/www.activdev.com\/en\/wp-json\/wp\/v2\/pages"}],"about":[{"href":"https:\/\/www.activdev.com\/en\/wp-json\/wp\/v2\/types\/page"}],"author":[{"embeddable":true,"href":"https:\/\/www.activdev.com\/en\/wp-json\/wp\/v2\/users\/1"}],"replies":[{"embeddable":true,"href":"https:\/\/www.activdev.com\/en\/wp-json\/wp\/v2\/comments?post=649"}],"version-history":[{"count":0,"href":"https:\/\/www.activdev.com\/en\/wp-json\/wp\/v2\/pages\/649\/revisions"}],"wp:featuredmedia":[{"embeddable":true,"href":"https:\/\/www.activdev.com\/en\/wp-json\/wp\/v2\/media\/867"}],"wp:attachment":[{"href":"https:\/\/www.activdev.com\/en\/wp-json\/wp\/v2\/media?parent=649"}],"wp:term":[{"taxonomy":"outils-freebies","embeddable":true,"href":"https:\/\/www.activdev.com\/en\/wp-json\/wp\/v2\/outils-freebies?post=649"}],"curies":[{"name":"wp","href":"https:\/\/api.w.org\/{rel}","templated":true}]}}