{"id":814,"date":"2024-11-05T10:27:57","date_gmt":"2024-11-05T10:27:57","guid":{"rendered":"https:\/\/www.activdev.com\/?page_id=814"},"modified":"2025-03-15T11:17:43","modified_gmt":"2025-03-15T10:17:43","slug":"simulator-impact-abandoned-baskets","status":"publish","type":"page","link":"https:\/\/www.activdev.com\/en\/simulator-impact-abandoned-baskets\/","title":{"rendered":"Abandoned shopping cart impact simulator"},"content":{"rendered":"","protected":false},"excerpt":{"rendered":"","protected":false},"author":1,"featured_media":633,"parent":0,"menu_order":0,"comment_status":"closed","ping_status":"closed","template":"","meta":{"_acf_changed":false,"_seopress_robots_primary_cat":"","_seopress_titles_title":"Ecommerce - Combien vous coute l'abandon de panier ?","_seopress_titles_desc":"D\u00e9couvrez combien vous co\u00fbte les paniers abandonn\u00e9s sur votre site gr\u00e2ce \u00e0 notre outil gratuit et voyez les gains potentiels en optimisant votre site.","_seopress_robots_index":"","iawp_total_views":38,"footnotes":""},"outils-freebies":[],"class_list":["post-814","page","type-page","status-publish","has-post-thumbnail","hentry"],"acf":[],"_seopress_titles_desc":"D\u00e9couvrez combien vous co\u00fbte les paniers abandonn\u00e9s sur votre site gr\u00e2ce \u00e0 notre outil gratuit et voyez les gains potentiels en optimisant votre site.","_seopress_titles_title":"Ecommerce - Combien vous coute l'abandon de panier ?","_links":{"self":[{"href":"https:\/\/www.activdev.com\/en\/wp-json\/wp\/v2\/pages\/814","targetHints":{"allow":["GET"]}}],"collection":[{"href":"https:\/\/www.activdev.com\/en\/wp-json\/wp\/v2\/pages"}],"about":[{"href":"https:\/\/www.activdev.com\/en\/wp-json\/wp\/v2\/types\/page"}],"author":[{"embeddable":true,"href":"https:\/\/www.activdev.com\/en\/wp-json\/wp\/v2\/users\/1"}],"replies":[{"embeddable":true,"href":"https:\/\/www.activdev.com\/en\/wp-json\/wp\/v2\/comments?post=814"}],"version-history":[{"count":0,"href":"https:\/\/www.activdev.com\/en\/wp-json\/wp\/v2\/pages\/814\/revisions"}],"wp:featuredmedia":[{"embeddable":true,"href":"https:\/\/www.activdev.com\/en\/wp-json\/wp\/v2\/media\/633"}],"wp:attachment":[{"href":"https:\/\/www.activdev.com\/en\/wp-json\/wp\/v2\/media?parent=814"}],"wp:term":[{"taxonomy":"outils-freebies","embeddable":true,"href":"https:\/\/www.activdev.com\/en\/wp-json\/wp\/v2\/outils-freebies?post=814"}],"curies":[{"name":"wp","href":"https:\/\/api.w.org\/{rel}","templated":true}]}}