{"id":949,"date":"2024-11-09T15:46:52","date_gmt":"2024-11-09T15:46:52","guid":{"rendered":"https:\/\/www.activdev.com\/?page_id=949"},"modified":"2024-12-18T21:57:22","modified_gmt":"2024-12-18T20:57:22","slug":"customer-retention-cost-calculator","status":"publish","type":"page","link":"https:\/\/www.activdev.com\/en\/customer-retention-cost-calculator\/","title":{"rendered":"Customer Retention Cost Calculator"},"content":{"rendered":"","protected":false},"excerpt":{"rendered":"","protected":false},"author":1,"featured_media":471,"parent":0,"menu_order":0,"comment_status":"closed","ping_status":"closed","template":"","meta":{"_acf_changed":false,"_seopress_robots_primary_cat":"","_seopress_titles_title":"D\u00e9couvrez le Vrai Co\u00fbt de la R\u00e9tention Client | Calculateur Gratuit","_seopress_titles_desc":"Vous d\u00e9pensez trop pour fid\u00e9liser vos clients ? Utilisez notre calculateur gratuit pour r\u00e9v\u00e9ler le vrai co\u00fbt et optimiser votre ROI d\u00e8s aujourd&#039;hui.","_seopress_robots_index":"","iawp_total_views":23,"footnotes":""},"outils-freebies":[],"class_list":["post-949","page","type-page","status-publish","has-post-thumbnail","hentry"],"acf":[],"_seopress_titles_desc":"Vous d\u00e9pensez trop pour fid\u00e9liser vos clients ? Utilisez notre calculateur gratuit pour r\u00e9v\u00e9ler le vrai co\u00fbt et optimiser votre ROI d\u00e8s aujourd&#039;hui.","_seopress_titles_title":"D\u00e9couvrez le Vrai Co\u00fbt de la R\u00e9tention Client | Calculateur Gratuit","_links":{"self":[{"href":"https:\/\/www.activdev.com\/en\/wp-json\/wp\/v2\/pages\/949","targetHints":{"allow":["GET"]}}],"collection":[{"href":"https:\/\/www.activdev.com\/en\/wp-json\/wp\/v2\/pages"}],"about":[{"href":"https:\/\/www.activdev.com\/en\/wp-json\/wp\/v2\/types\/page"}],"author":[{"embeddable":true,"href":"https:\/\/www.activdev.com\/en\/wp-json\/wp\/v2\/users\/1"}],"replies":[{"embeddable":true,"href":"https:\/\/www.activdev.com\/en\/wp-json\/wp\/v2\/comments?post=949"}],"version-history":[{"count":0,"href":"https:\/\/www.activdev.com\/en\/wp-json\/wp\/v2\/pages\/949\/revisions"}],"wp:featuredmedia":[{"embeddable":true,"href":"https:\/\/www.activdev.com\/en\/wp-json\/wp\/v2\/media\/471"}],"wp:attachment":[{"href":"https:\/\/www.activdev.com\/en\/wp-json\/wp\/v2\/media?parent=949"}],"wp:term":[{"taxonomy":"outils-freebies","embeddable":true,"href":"https:\/\/www.activdev.com\/en\/wp-json\/wp\/v2\/outils-freebies?post=949"}],"curies":[{"name":"wp","href":"https:\/\/api.w.org\/{rel}","templated":true}]}}